{"id":2911,"date":"2020-09-03T07:00:11","date_gmt":"2020-09-03T07:00:11","guid":{"rendered":"https:\/\/mackone.eu\/mackemotioneers\/"},"modified":"2025-12-19T14:27:43","modified_gmt":"2025-12-19T14:27:43","slug":"mackemotioneers","status":"publish","type":"page","link":"https:\/\/mackone.eu\/de\/mackemotioneers\/","title":{"rendered":"Emotioneers"},"content":{"rendered":"\n<div class=\"wp-block-diev-hero-cover alignfull animated fadeIn\" style=\"height:calc(100vh - -1px)\"><div class=\"media-wrapper\"><img decoding=\"async\" class=\"hero-cover-image lazyload\" data-src=\"https:\/\/mackone.eu\/wp-content\/uploads\/2020\/09\/macknext_design_header.jpg\" alt=\"\" src=\"data:image\/svg+xml;base64,PHN2ZyB3aWR0aD0iMSIgaGVpZ2h0PSIxIiB4bWxucz0iaHR0cDovL3d3dy53My5vcmcvMjAwMC9zdmciPjwvc3ZnPg==\" style=\"--smush-placeholder-width: 1920px; --smush-placeholder-aspect-ratio: 1920\/1076;\" \/><\/div><div class=\"hero-cover-overlay\" style=\"background-color:#201E23;opacity:0.5\"><\/div><div class=\"content-wrapper align-left\" style=\"align-items:flex-end;margin-bottom:10%\"><div class=\"innerblocks-wrapper max-width-60\">\n<figure class=\"wp-block-image size-large is-resized\"><img decoding=\"async\" width=\"1024\" height=\"146\" data-src=\"https:\/\/mackone.eu\/wp-content\/uploads\/2022\/05\/Logo_Mack_Emotioneers_4c_Neg_red-1024x146.png\" alt=\"\" class=\"wp-image-1243 lazyload\" style=\"--smush-placeholder-width: 1024px; --smush-placeholder-aspect-ratio: 1024\/146;object-fit:contain;width:559px;height:79px\" data-srcset=\"https:\/\/mackone.eu\/wp-content\/uploads\/2022\/05\/Logo_Mack_Emotioneers_4c_Neg_red-1024x146.png 1024w, https:\/\/mackone.eu\/wp-content\/uploads\/2022\/05\/Logo_Mack_Emotioneers_4c_Neg_red-300x43.png 300w, https:\/\/mackone.eu\/wp-content\/uploads\/2022\/05\/Logo_Mack_Emotioneers_4c_Neg_red-768x109.png 768w, https:\/\/mackone.eu\/wp-content\/uploads\/2022\/05\/Logo_Mack_Emotioneers_4c_Neg_red-1536x219.png 1536w, https:\/\/mackone.eu\/wp-content\/uploads\/2022\/05\/Logo_Mack_Emotioneers_4c_Neg_red.png 2003w\" data-sizes=\"(max-width: 1024px) 100vw, 1024px\" src=\"data:image\/svg+xml;base64,PHN2ZyB3aWR0aD0iMSIgaGVpZ2h0PSIxIiB4bWxucz0iaHR0cDovL3d3dy53My5vcmcvMjAwMC9zdmciPjwvc3ZnPg==\" \/><\/figure>\n\n\n\n<div style=\"width:20%;padding:0%;background-color:#fff;border:3px solid #ffffff;margin-top:5%;margin-bottom:5%\" class=\"wp-block-diev-separator\"><\/div>\n\n\n\n<p class=\"animated fadeIn delay-500ms has-white-color has-text-color\">Freizeitpark &amp; Attraktionsdesign<\/p>\n\n\n\n<div style=\"width:100%;padding:2%;background-color:rgba(255, 255, 255, 0);border:0px solid #fff;margin-top:2%;margin-bottom:2%\" class=\"wp-block-diev-separator\"><\/div>\n\n\n\n<div style=\"justify-content:left\" class=\"wp-block-diev-scroller animated fadeIn delay-1s\"><div class=\"scroller-track\" style=\"background-color:#fff\"><\/div><div class=\"scroller-thumb\" style=\"background-color:#fff\"><\/div><\/div>\n<\/div><\/div><\/div>\n\n\n\n<div style=\"width:100%;padding:2%;background-color:rgba(255, 255, 255, 0);border:0px solid #fff;margin-top:2%;margin-bottom:2%\" class=\"wp-block-diev-separator\"><\/div>\n\n\n\n<h1 class=\"wp-block-heading has-white-color has-text-color\"><strong>MACK Emotioneers<\/strong><\/h1>\n\n\n\n<h2 class=\"wp-block-heading animated slideInUp has-green-color has-transparent-background-color has-text-color has-background\">Unsere inspirierten und einzigartigen Mack Emotioneers kreieren und visualisieren Ideen und Konzepte f\u00fcr die Attraktionen von morgen.<\/h2>\n\n\n\n<div style=\"width:100%;padding:0%;background-color:rgba(255, 255, 255, 0);border:0px solid #fff;margin-top:2%;margin-bottom:2%\" class=\"wp-block-diev-separator\"><\/div>\n\n\n\n<h3 class=\"wp-block-heading animated slideInUp has-white-color has-text-color\"><strong>Konzeptentwicklung<\/strong><\/h3>\n\n\n\n<p class=\"animated slideInUp has-white-color has-text-color\">Zun\u00e4chst lernen die MACK Emotioneers Sie als Kunden und Ihre W\u00fcnsche kennen. Es ist uns wichtig, eine klare Vorstellung von Ihren Anforderungen und Pl\u00e4nen zu haben. Dann ist es an der Zeit, sich Gedanken \u00fcber die Geschichte zu machen. Storytelling liegt den MACK Emotioneers sehr am Herzen, deshalb ist die Integration der Geschichte zusammen mit MACK Magic einer der ersten Schritte, die es zu meistern gilt. Der physische Raum und seine m\u00f6glichen Begrenzungen geben Richtlinien vor, wie die Geschichte erz\u00e4hlt oder gezeigt werden kann. Die MACK Emotioneers haben die F\u00e4higkeit, die drei Schl\u00fcsselfaktoren &#8211; Pl\u00e4ne, Geschichte und Raum &#8211; zusammenzuf\u00fchren. Die MACK Emotioneers erstellen erste Visualisierungen, die die urspr\u00fcnglichen Konzeptideen in Bilder umsetzen, um zu sehen, wie das Endprodukt aussehen k\u00f6nnte.<\/p>\n\n\n\n<div style=\"width:100%;padding:0%;background-color:rgba(255, 255, 255, 0);border:0px solid #fff;margin-top:2%;margin-bottom:2%\" class=\"wp-block-diev-separator\"><\/div>\n\n\n\n<h3 class=\"wp-block-heading animated slideInUp has-white-color has-text-color\"><strong>Schematisches Design<\/strong><\/h3>\n\n\n\n<p class=\"animated slideInUp has-white-color has-text-color\">In diesem Schritt definieren die MACK Emotioneers die Projektkomponenten im Detail. Welchen genauen Farbton sollen die W\u00e4nde haben? Welche Gr\u00f6\u00dfen, Ma\u00dfe und Materialien werden ben\u00f6tigt, um diese Vision zum Leben zu erwecken? Dieser Entwurf enth\u00e4lt alles, was zur Vorbereitung der Umsetzung ben\u00f6tigt wird.<\/p>\n\n\n\n<div class=\"wp-block-diev-sidescroller sidescroller  gsap-animated is-style-big\">\n<div class=\"wp-block-diev-sidescroller-item sidescroller-item lazyload\" style=\"background-image:inherit\" data-bg-image=\"url(https:\/\/mackone.eu\/wp-content\/uploads\/2020\/10\/MR-KeyArt-Concept.jpg)\"><div class=\"sidescroller-item-content\">\n<p><\/p>\n<\/div><\/div>\n\n\n\n<div class=\"wp-block-diev-sidescroller-item sidescroller-item lazyload\" style=\"background-image:inherit\" data-bg-image=\"url(https:\/\/mackone.eu\/wp-content\/uploads\/2020\/10\/MR-KeyArt-Real.jpg)\"><div class=\"sidescroller-item-content\">\n<p><\/p>\n<\/div><\/div>\n\n\n\n<div class=\"wp-block-diev-sidescroller-item sidescroller-item lazyload\" style=\"background-image:inherit\" data-bg-image=\"url(https:\/\/mackone.eu\/wp-content\/uploads\/2020\/10\/Aqualite-Show-Real.jpg)\"><div class=\"sidescroller-item-content\">\n<p><\/p>\n<\/div><\/div>\n\n\n\n<div class=\"wp-block-diev-sidescroller-item sidescroller-item lazyload\" style=\"background-image:inherit\" data-bg-image=\"url(https:\/\/mackone.eu\/wp-content\/uploads\/2020\/10\/Theatro-Concept.jpg)\"><div class=\"sidescroller-item-content\">\n<p><\/p>\n<\/div><\/div>\n\n\n\n<div class=\"wp-block-diev-sidescroller-item sidescroller-item lazyload\" style=\"background-image:inherit\" data-bg-image=\"url(https:\/\/mackone.eu\/wp-content\/uploads\/2020\/10\/Theatro-Real.jpg)\"><div class=\"sidescroller-item-content\">\n<p><\/p>\n<\/div><\/div>\n\n\n\n<div class=\"wp-block-diev-sidescroller-item sidescroller-item lazyload\" style=\"background-image:inherit\" data-bg-image=\"url(https:\/\/mackone.eu\/wp-content\/uploads\/2020\/10\/FlammkuchenstandP.jpg)\"><div class=\"sidescroller-item-content\">\n<p><\/p>\n<\/div><\/div>\n\n\n\n<div class=\"wp-block-diev-sidescroller-item sidescroller-item lazyload\" style=\"background-image:inherit\" data-bg-image=\"url(https:\/\/mackone.eu\/wp-content\/uploads\/2020\/10\/Aqualite_ShowConcept.jpg)\"><div class=\"sidescroller-item-content\">\n<p><\/p>\n<\/div><\/div>\n\n\n\n<div class=\"wp-block-diev-sidescroller-item sidescroller-item lazyload\" style=\"background-image:inherit\" data-bg-image=\"url(https:\/\/mackone.eu\/wp-content\/uploads\/2020\/10\/Drehtheater-Concept.jpg)\"><div class=\"sidescroller-item-content\">\n<p><\/p>\n<\/div><\/div>\n\n\n\n<div class=\"wp-block-diev-sidescroller-item sidescroller-item lazyload\" style=\"background-image:inherit\" data-bg-image=\"url(https:\/\/mackone.eu\/wp-content\/uploads\/2020\/10\/Drehtheater-Real.jpg)\"><div class=\"sidescroller-item-content\">\n<p><\/p>\n<\/div><\/div>\n<\/div>\n\n\n\n<div style=\"width:100%;padding:0%;background-color:rgba(255, 255, 255, 0);border:0px solid #fff;margin-top:2%;margin-bottom:2%\" class=\"wp-block-diev-separator\"><\/div>\n\n\n\n<h3 class=\"wp-block-heading animated slideInUp has-white-color has-text-color\"><strong>Detaildesign<\/strong><\/h3>\n\n\n\n<p class=\"animated slideInUp has-white-color has-text-color\">Das Detaildesign ist auch der finale Feinschliff, der das Produkt von einem guten Erlebnis zu einem unglaublichen Erlebnis macht. Die MACK Emotioneers haben Erfahrung darin, wie man dieses Gef\u00fchl am realistischsten und authentischsten gestalten kann und k\u00f6nnen Empfehlungen f\u00fcr das perfekte Ergebnis geben. Das Endergebnis enth\u00e4lt alles, was f\u00fcr den Start der Implementierung erforderlich ist.<\/p>\n\n\n\n<div class=\"wp-block-diev-sidescroller sidescroller  gsap-animated is-style-big\">\n<div class=\"wp-block-diev-sidescroller-item sidescroller-item lazyload\" style=\"background-image:inherit\" data-bg-image=\"url(https:\/\/mackone.eu\/wp-content\/uploads\/2020\/10\/Dino-Ride-Concept.jpg)\"><div class=\"sidescroller-item-content\">\n<p><\/p>\n<\/div><\/div>\n\n\n\n<div class=\"wp-block-diev-sidescroller-item sidescroller-item lazyload\" style=\"background-image:inherit\" data-bg-image=\"url(https:\/\/mackone.eu\/wp-content\/uploads\/2020\/10\/Elevations-komplett-Concept.jpg)\"><div class=\"sidescroller-item-content\">\n<p><\/p>\n<\/div><\/div>\n\n\n\n<div class=\"wp-block-diev-sidescroller-item sidescroller-item lazyload\" style=\"background-image:inherit\" data-bg-image=\"url(https:\/\/mackone.eu\/wp-content\/uploads\/2020\/10\/Wurstbude-Concept.jpg)\"><div class=\"sidescroller-item-content\">\n<p><\/p>\n<\/div><\/div>\n\n\n\n<div class=\"wp-block-diev-sidescroller-item sidescroller-item lazyload\" style=\"background-image:inherit\" data-bg-image=\"url(https:\/\/mackone.eu\/wp-content\/uploads\/2020\/10\/Moulin-Rouge-Concept.jpg)\"><div class=\"sidescroller-item-content\">\n<p><\/p>\n<\/div><\/div>\n\n\n\n<div class=\"wp-block-diev-sidescroller-item sidescroller-item lazyload\" style=\"background-image:inherit\" data-bg-image=\"url(https:\/\/mackone.eu\/wp-content\/uploads\/2020\/10\/Voletarium-Sliderbild-Concept.jpg)\"><div class=\"sidescroller-item-content\">\n<p><\/p>\n<\/div><\/div>\n\n\n\n<div class=\"wp-block-diev-sidescroller-item sidescroller-item lazyload\" style=\"background-image:inherit\" data-bg-image=\"url(https:\/\/mackone.eu\/wp-content\/uploads\/2020\/10\/Voletarium-Bibliothek-Concept.jpg)\"><div class=\"sidescroller-item-content\">\n<p><\/p>\n<\/div><\/div>\n<\/div>\n\n\n\n<div style=\"width:100%;padding:0%;background-color:rgba(255, 255, 255, 0);border:0px solid #fff;margin-top:2%;margin-bottom:2%\" class=\"wp-block-diev-separator\"><\/div>\n\n\n\n<h3 class=\"wp-block-heading animated slideInUp has-white-color has-text-color\"><strong>K\u00fcnstlerische Leitung und Umsetzung<\/strong><\/h3>\n\n\n\n<p class=\"animated slideInUp has-white-color has-text-color\">Die MACK Emotioneers unterst\u00fctzen jedes Projekt bis zum Ende, auch indem sie auf die Baustelle kommen und den Bauleuten pers\u00f6nlich k\u00fcnstlerische Anweisungen geben oder den endg\u00fcltigen Betrieb besprechen. Das Team hat dies bereits in vielen F\u00e4llen getan und wei\u00df, worauf zu achten ist, um eine erfolgreiche Durchf\u00fchrung und Er\u00f6ffnung jedes MACK Emotioneers-Projekts zu garantieren.<\/p>\n\n\n\n<div style=\"width:100%;padding:0%;background-color:rgba(255, 255, 255, 0);border:0px solid #fff;margin-top:2%;margin-bottom:2%\" class=\"wp-block-diev-separator\"><\/div>\n\n\n\n<div class=\"wp-block-diev-macknext-image gsap-animated animated slideInUp\"><div class=\"macknext-image-wrapper\"><div class=\"image-brand-cube\" style=\"background-color:#4ECDC4\"><\/div><a class=\"image-16-9 no-pointer\"><img decoding=\"async\" data-src=\"https:\/\/mackone.eu\/wp-content\/uploads\/2020\/09\/achterahn.jpg\" alt=\"\" src=\"data:image\/svg+xml;base64,PHN2ZyB3aWR0aD0iMSIgaGVpZ2h0PSIxIiB4bWxucz0iaHR0cDovL3d3dy53My5vcmcvMjAwMC9zdmciPjwvc3ZnPg==\" class=\"lazyload\" style=\"--smush-placeholder-width: 1364px; --smush-placeholder-aspect-ratio: 1364\/678;\" \/><\/a><\/div><p class=\"macknext-image-caption\"><\/p><\/div>\n\n\n\n<div style=\"width:100%;padding:0%;background-color:rgba(255, 255, 255, 0);border:0px solid #fff;margin-top:2%;margin-bottom:2%\" class=\"wp-block-diev-separator\"><\/div>\n\n\n\n<h2 class=\"wp-block-heading has-white-color has-text-color\"><strong>Beispiele<\/strong><\/h2>\n\n\n\n<div class=\"wp-block-diev-sidescroller sidescroller color-design gsap-animated animated slideInUp is-style-default\">\n<div class=\"wp-block-diev-sidescroller-item sidescroller-item lazyload\" style=\"background-image:inherit\" data-bg-image=\"url(https:\/\/mackone.eu\/wp-content\/uploads\/2020\/10\/Can-Can-Zug-Real2.jpg)\"><a href=\"https:\/\/mackone.eu\/de\/projects\/#can-can-coaster\" class=\"sidescroller-item-link\"><div class=\"sidescroller-item-content\">\n<h2 class=\"wp-block-heading has-white-color has-text-color\">Eurosat &#8211; CanCan Coaster<\/h2>\n\n\n\n<p class=\"has-white-color has-text-color\"><\/p>\n<\/div><\/a><\/div>\n\n\n\n<div class=\"wp-block-diev-sidescroller-item sidescroller-item lazyload\" style=\"background-image:inherit\" data-bg-image=\"url(https:\/\/mackone.eu\/wp-content\/uploads\/2020\/10\/WaterMania_SplashBattle_Targets.jpg)\"><a href=\"https:\/\/mackone.eu\/de\/projects\/#land-of-legend-watermania\" class=\"sidescroller-item-link\"><div class=\"sidescroller-item-content\">\n<h2 class=\"wp-block-heading has-white-color has-text-color\">Land Of Legends Watermania<\/h2>\n\n\n\n<p class=\"has-white-color has-text-color\"><\/p>\n<\/div><\/a><\/div>\n\n\n\n<div class=\"wp-block-diev-sidescroller-item sidescroller-item lazyload\" style=\"background-image:inherit\" data-bg-image=\"url(https:\/\/mackone.eu\/wp-content\/uploads\/2020\/10\/Voletarium-Sliderbild-Real.jpg)\"><a href=\"https:\/\/mackone.eu\/de\/projects\/#europa-park-voletarium\" class=\"sidescroller-item-link\"><div class=\"sidescroller-item-content\">\n<h2 class=\"wp-block-heading has-white-color has-text-color\">Voletarium<\/h2>\n\n\n\n<p class=\"has-white-color has-text-color\"><\/p>\n<\/div><\/a><\/div>\n<\/div>\n\n\n\n<div style=\"width:100%;padding:2%;background-color:rgba(255, 255, 255, 0);border:0px solid #fff;margin-top:2%;margin-bottom:2%\" class=\"wp-block-diev-separator\"><\/div>\n\n\n","protected":false},"excerpt":{"rendered":"<p>MACK Emotioneers Unsere inspirierten und einzigartigen Mack Emotioneers kreieren und visualisieren Ideen und Konzepte f\u00fcr die Attraktionen von morgen. Konzeptentwicklung Zun\u00e4chst lernen die MACK Emotioneers Sie als Kunden und Ihre W\u00fcnsche kennen. Es ist uns wichtig, eine klare Vorstellung von Ihren Anforderungen und Pl\u00e4nen zu haben. Dann ist es an der Zeit, sich Gedanken \u00fcber [&hellip;]<\/p>\n","protected":false},"author":3,"featured_media":0,"parent":0,"menu_order":0,"comment_status":"closed","ping_status":"closed","template":"","meta":{"inline_featured_image":false,"passster_activate_protection":false,"passster_protect_child_pages":"","passster_protection_type":"password","passster_password":"","passster_passwords":"","passster_password_list":"","passster_password_lists":"","passster_activate_user_restriction":"","passster_user_restriction_type":"user-role","passster_user_restriction":"no-role","passster_activate_overwrite_defaults":"","passster_headline":"","passster_instruction":"","passster_placeholder":"","passster_button":"","passster_id":"","passster_activate_misc_settings":"","passster_redirect_url":"","passster_hide":"no","passster_area_shortcode":"","_footer_meta_block_field":"design","footnotes":""},"class_list":["post-2911","page","type-page","status-publish","hentry"],"yoast_head":"<!-- This site is optimized with the Yoast SEO plugin v26.9 - https:\/\/yoast.com\/product\/yoast-seo-wordpress\/ -->\n<title>Emotioneers - MACK One<\/title>\n<meta name=\"description\" content=\"Our inspired and unique MACK Emotioneers create and visualize ideas and concepts for the attractions of tomorrow.\" \/>\n<meta name=\"robots\" content=\"index, follow, max-snippet:-1, max-image-preview:large, max-video-preview:-1\" \/>\n<link rel=\"canonical\" href=\"https:\/\/mackone.eu\/de\/mackemotioneers\/\" \/>\n<meta property=\"og:locale\" content=\"de_DE\" \/>\n<meta property=\"og:type\" content=\"article\" \/>\n<meta property=\"og:title\" content=\"MACK Emotioneers\" \/>\n<meta property=\"og:description\" content=\"Our inspired and unique MACK Emotioneers visualize ideas and concepts for the attractions of tomorrow!\" \/>\n<meta property=\"og:url\" content=\"https:\/\/mackone.eu\/de\/mackemotioneers\/\" \/>\n<meta property=\"og:site_name\" content=\"MACK One\" \/>\n<meta property=\"article:modified_time\" content=\"2025-12-19T14:27:43+00:00\" \/>\n<meta property=\"og:image\" content=\"https:\/\/mackone.eu\/wp-content\/uploads\/2020\/09\/macknext_design_header.jpg\" \/>\n\t<meta property=\"og:image:width\" content=\"1920\" \/>\n\t<meta property=\"og:image:height\" content=\"1076\" \/>\n\t<meta property=\"og:image:type\" content=\"image\/jpeg\" \/>\n<meta name=\"twitter:card\" content=\"summary_large_image\" \/>\n<meta name=\"twitter:title\" content=\"MACK Emotioneers\" \/>\n<meta name=\"twitter:description\" content=\"Our inspired and unique MACK Emotioneers visualize ideas and concepts for the attractions of tomorrow!\" \/>\n<meta name=\"twitter:image\" content=\"https:\/\/mackone.eu\/wp-content\/uploads\/2020\/09\/macknext_design_header.jpg\" \/>\n<meta name=\"twitter:site\" content=\"@macknext\" \/>\n<meta name=\"twitter:label1\" content=\"Gesch\u00e4tzte Lesezeit\" \/>\n\t<meta name=\"twitter:data1\" content=\"2\u00a0Minuten\" \/>\n<script type=\"application\/ld+json\" class=\"yoast-schema-graph\">{\"@context\":\"https:\/\/schema.org\",\"@graph\":[{\"@type\":\"WebPage\",\"@id\":\"https:\/\/mackone.eu\/de\/mackemotioneers\/\",\"url\":\"https:\/\/mackone.eu\/de\/mackemotioneers\/\",\"name\":\"Emotioneers - MACK One\",\"isPartOf\":{\"@id\":\"https:\/\/mackone.eu\/de\/#website\"},\"primaryImageOfPage\":{\"@id\":\"https:\/\/mackone.eu\/de\/mackemotioneers\/#primaryimage\"},\"image\":{\"@id\":\"https:\/\/mackone.eu\/de\/mackemotioneers\/#primaryimage\"},\"thumbnailUrl\":\"https:\/\/mackone.eu\/wp-content\/uploads\/2020\/09\/macknext_design_header.jpg\",\"datePublished\":\"2020-09-03T07:00:11+00:00\",\"dateModified\":\"2025-12-19T14:27:43+00:00\",\"description\":\"Our inspired and unique MACK Emotioneers create and visualize ideas and concepts for the attractions of tomorrow.\",\"breadcrumb\":{\"@id\":\"https:\/\/mackone.eu\/de\/mackemotioneers\/#breadcrumb\"},\"inLanguage\":\"de\",\"potentialAction\":[{\"@type\":\"ReadAction\",\"target\":[\"https:\/\/mackone.eu\/de\/mackemotioneers\/\"]}]},{\"@type\":\"ImageObject\",\"inLanguage\":\"de\",\"@id\":\"https:\/\/mackone.eu\/de\/mackemotioneers\/#primaryimage\",\"url\":\"https:\/\/mackone.eu\/wp-content\/uploads\/2020\/09\/macknext_design_header.jpg\",\"contentUrl\":\"https:\/\/mackone.eu\/wp-content\/uploads\/2020\/09\/macknext_design_header.jpg\"},{\"@type\":\"BreadcrumbList\",\"@id\":\"https:\/\/mackone.eu\/de\/mackemotioneers\/#breadcrumb\",\"itemListElement\":[{\"@type\":\"ListItem\",\"position\":1,\"name\":\"Startseite\",\"item\":\"https:\/\/mackone.eu\/de\/\"},{\"@type\":\"ListItem\",\"position\":2,\"name\":\"Emotioneers\"}]},{\"@type\":\"WebSite\",\"@id\":\"https:\/\/mackone.eu\/de\/#website\",\"url\":\"https:\/\/mackone.eu\/de\/\",\"name\":\"MACK One\",\"description\":\"THE FUTURE LAB OF ENTERTAINMENT\",\"publisher\":{\"@id\":\"https:\/\/mackone.eu\/de\/#organization\"},\"potentialAction\":[{\"@type\":\"SearchAction\",\"target\":{\"@type\":\"EntryPoint\",\"urlTemplate\":\"https:\/\/mackone.eu\/de\/?s={search_term_string}\"},\"query-input\":{\"@type\":\"PropertyValueSpecification\",\"valueRequired\":true,\"valueName\":\"search_term_string\"}}],\"inLanguage\":\"de\"},{\"@type\":\"Organization\",\"@id\":\"https:\/\/mackone.eu\/de\/#organization\",\"name\":\"Mack NeXT GmbH & Co KG\",\"url\":\"https:\/\/mackone.eu\/de\/\",\"logo\":{\"@type\":\"ImageObject\",\"inLanguage\":\"de\",\"@id\":\"https:\/\/mackone.eu\/de\/#\/schema\/logo\/image\/\",\"url\":\"https:\/\/macknext.com\/wp-content\/uploads\/2020\/11\/macknext-favicon.png\",\"contentUrl\":\"https:\/\/macknext.com\/wp-content\/uploads\/2020\/11\/macknext-favicon.png\",\"width\":1031,\"height\":1032,\"caption\":\"Mack NeXT GmbH & Co KG\"},\"image\":{\"@id\":\"https:\/\/mackone.eu\/de\/#\/schema\/logo\/image\/\"},\"sameAs\":[\"https:\/\/x.com\/macknext\",\"https:\/\/www.instagram.com\/mack.next\/\",\"https:\/\/www.linkedin.com\/company\/macknext\/\"]}]}<\/script>\n<!-- \/ Yoast SEO plugin. -->","yoast_head_json":{"title":"Emotioneers - MACK One","description":"Our inspired and unique MACK Emotioneers create and visualize ideas and concepts for the attractions of tomorrow.","robots":{"index":"index","follow":"follow","max-snippet":"max-snippet:-1","max-image-preview":"max-image-preview:large","max-video-preview":"max-video-preview:-1"},"canonical":"https:\/\/mackone.eu\/de\/mackemotioneers\/","og_locale":"de_DE","og_type":"article","og_title":"MACK Emotioneers","og_description":"Our inspired and unique MACK Emotioneers visualize ideas and concepts for the attractions of tomorrow!","og_url":"https:\/\/mackone.eu\/de\/mackemotioneers\/","og_site_name":"MACK One","article_modified_time":"2025-12-19T14:27:43+00:00","og_image":[{"width":1920,"height":1076,"url":"https:\/\/mackone.eu\/wp-content\/uploads\/2020\/09\/macknext_design_header.jpg","type":"image\/jpeg"}],"twitter_card":"summary_large_image","twitter_title":"MACK Emotioneers","twitter_description":"Our inspired and unique MACK Emotioneers visualize ideas and concepts for the attractions of tomorrow!","twitter_image":"https:\/\/mackone.eu\/wp-content\/uploads\/2020\/09\/macknext_design_header.jpg","twitter_site":"@macknext","twitter_misc":{"Gesch\u00e4tzte Lesezeit":"2\u00a0Minuten"},"schema":{"@context":"https:\/\/schema.org","@graph":[{"@type":"WebPage","@id":"https:\/\/mackone.eu\/de\/mackemotioneers\/","url":"https:\/\/mackone.eu\/de\/mackemotioneers\/","name":"Emotioneers - MACK One","isPartOf":{"@id":"https:\/\/mackone.eu\/de\/#website"},"primaryImageOfPage":{"@id":"https:\/\/mackone.eu\/de\/mackemotioneers\/#primaryimage"},"image":{"@id":"https:\/\/mackone.eu\/de\/mackemotioneers\/#primaryimage"},"thumbnailUrl":"https:\/\/mackone.eu\/wp-content\/uploads\/2020\/09\/macknext_design_header.jpg","datePublished":"2020-09-03T07:00:11+00:00","dateModified":"2025-12-19T14:27:43+00:00","description":"Our inspired and unique MACK Emotioneers create and visualize ideas and concepts for the attractions of tomorrow.","breadcrumb":{"@id":"https:\/\/mackone.eu\/de\/mackemotioneers\/#breadcrumb"},"inLanguage":"de","potentialAction":[{"@type":"ReadAction","target":["https:\/\/mackone.eu\/de\/mackemotioneers\/"]}]},{"@type":"ImageObject","inLanguage":"de","@id":"https:\/\/mackone.eu\/de\/mackemotioneers\/#primaryimage","url":"https:\/\/mackone.eu\/wp-content\/uploads\/2020\/09\/macknext_design_header.jpg","contentUrl":"https:\/\/mackone.eu\/wp-content\/uploads\/2020\/09\/macknext_design_header.jpg"},{"@type":"BreadcrumbList","@id":"https:\/\/mackone.eu\/de\/mackemotioneers\/#breadcrumb","itemListElement":[{"@type":"ListItem","position":1,"name":"Startseite","item":"https:\/\/mackone.eu\/de\/"},{"@type":"ListItem","position":2,"name":"Emotioneers"}]},{"@type":"WebSite","@id":"https:\/\/mackone.eu\/de\/#website","url":"https:\/\/mackone.eu\/de\/","name":"MACK One","description":"THE FUTURE LAB OF ENTERTAINMENT","publisher":{"@id":"https:\/\/mackone.eu\/de\/#organization"},"potentialAction":[{"@type":"SearchAction","target":{"@type":"EntryPoint","urlTemplate":"https:\/\/mackone.eu\/de\/?s={search_term_string}"},"query-input":{"@type":"PropertyValueSpecification","valueRequired":true,"valueName":"search_term_string"}}],"inLanguage":"de"},{"@type":"Organization","@id":"https:\/\/mackone.eu\/de\/#organization","name":"Mack NeXT GmbH & Co KG","url":"https:\/\/mackone.eu\/de\/","logo":{"@type":"ImageObject","inLanguage":"de","@id":"https:\/\/mackone.eu\/de\/#\/schema\/logo\/image\/","url":"https:\/\/macknext.com\/wp-content\/uploads\/2020\/11\/macknext-favicon.png","contentUrl":"https:\/\/macknext.com\/wp-content\/uploads\/2020\/11\/macknext-favicon.png","width":1031,"height":1032,"caption":"Mack NeXT GmbH & Co KG"},"image":{"@id":"https:\/\/mackone.eu\/de\/#\/schema\/logo\/image\/"},"sameAs":["https:\/\/x.com\/macknext","https:\/\/www.instagram.com\/mack.next\/","https:\/\/www.linkedin.com\/company\/macknext\/"]}]}},"_links":{"self":[{"href":"https:\/\/mackone.eu\/de\/wp-json\/wp\/v2\/pages\/2911","targetHints":{"allow":["GET"]}}],"collection":[{"href":"https:\/\/mackone.eu\/de\/wp-json\/wp\/v2\/pages"}],"about":[{"href":"https:\/\/mackone.eu\/de\/wp-json\/wp\/v2\/types\/page"}],"author":[{"embeddable":true,"href":"https:\/\/mackone.eu\/de\/wp-json\/wp\/v2\/users\/3"}],"replies":[{"embeddable":true,"href":"https:\/\/mackone.eu\/de\/wp-json\/wp\/v2\/comments?post=2911"}],"version-history":[{"count":4,"href":"https:\/\/mackone.eu\/de\/wp-json\/wp\/v2\/pages\/2911\/revisions"}],"predecessor-version":[{"id":4571,"href":"https:\/\/mackone.eu\/de\/wp-json\/wp\/v2\/pages\/2911\/revisions\/4571"}],"wp:attachment":[{"href":"https:\/\/mackone.eu\/de\/wp-json\/wp\/v2\/media?parent=2911"}],"curies":[{"name":"wp","href":"https:\/\/api.w.org\/{rel}","templated":true}]}}