{"id":2780,"date":"2020-09-03T07:00:31","date_gmt":"2020-09-03T07:00:31","guid":{"rendered":"https:\/\/mackone.eu\/mackmagic\/"},"modified":"2024-05-24T12:37:28","modified_gmt":"2024-05-24T12:37:28","slug":"mackmagic","status":"publish","type":"page","link":"https:\/\/mackone.eu\/fr\/mackmagic\/","title":{"rendered":"Magic"},"content":{"rendered":"\n<div class=\"wp-block-diev-hero-cover alignfull animated fadeIn\" style=\"height:calc(100vh - -1px)\"><div class=\"media-wrapper\"><img class=\"hero-cover-image mobile-breakpoint\" alt=\"\"\/><img decoding=\"async\" class=\"hero-mobile-image desktop-breakpoint lazyload\" data-src=\"https:\/\/mackone.eu\/wp-content\/uploads\/2020\/11\/MackNext-Magic-Mobile.png\" alt=\"\" src=\"data:image\/svg+xml;base64,PHN2ZyB3aWR0aD0iMSIgaGVpZ2h0PSIxIiB4bWxucz0iaHR0cDovL3d3dy53My5vcmcvMjAwMC9zdmciPjwvc3ZnPg==\" style=\"--smush-placeholder-width: 1917px; --smush-placeholder-aspect-ratio: 1917\/811;\" \/><video class=\"hero-cover-video mobile-breakpoint\" muted autoplay loop><source src=\"https:\/\/mackone.eu\/wp-content\/uploads\/2022\/06\/MACK-One-Homepage-Video-02.mp4\" type=\"video\/mp4\"\/><\/video><\/div><div class=\"hero-cover-overlay\" style=\"background-color:#201E23;opacity:0.4\"><\/div><div class=\"content-wrapper align-left\" style=\"align-items:flex-end;margin-bottom:10%\"><div class=\"innerblocks-wrapper max-width-60\">\n<figure class=\"wp-block-image size-large\"><img decoding=\"async\" width=\"1024\" height=\"209\" data-src=\"https:\/\/mackone.eu\/wp-content\/uploads\/2022\/05\/Logo_Mack_Magic_4c_Neg_red-1024x209.png\" alt=\"\" class=\"wp-image-1244 lazyload\" data-srcset=\"https:\/\/mackone.eu\/wp-content\/uploads\/2022\/05\/Logo_Mack_Magic_4c_Neg_red-1024x209.png 1024w, https:\/\/mackone.eu\/wp-content\/uploads\/2022\/05\/Logo_Mack_Magic_4c_Neg_red-300x61.png 300w, https:\/\/mackone.eu\/wp-content\/uploads\/2022\/05\/Logo_Mack_Magic_4c_Neg_red-768x157.png 768w, https:\/\/mackone.eu\/wp-content\/uploads\/2022\/05\/Logo_Mack_Magic_4c_Neg_red-1536x314.png 1536w, https:\/\/mackone.eu\/wp-content\/uploads\/2022\/05\/Logo_Mack_Magic_4c_Neg_red.png 1793w\" data-sizes=\"(max-width: 1024px) 100vw, 1024px\" src=\"data:image\/svg+xml;base64,PHN2ZyB3aWR0aD0iMSIgaGVpZ2h0PSIxIiB4bWxucz0iaHR0cDovL3d3dy53My5vcmcvMjAwMC9zdmciPjwvc3ZnPg==\" style=\"--smush-placeholder-width: 1024px; --smush-placeholder-aspect-ratio: 1024\/209;\" \/><\/figure>\n\n\n\n<div style=\"width:20%;padding:0%;background-color:#fff;border:3px solid #fff;margin-top:5%;margin-bottom:5%\" class=\"wp-block-diev-separator animated fadeIn delay-200ms\"><\/div>\n\n\n\n<p class=\"animated fadeIn delay-500ms has-white-color has-text-color\">Cr\u00e9ation de propri\u00e9t\u00e9s intellectuelles et production de contenus<\/p>\n\n\n\n<div style=\"width:100%;padding:2%;background-color:rgba(255, 255, 255, 0);border:0px solid #fff;margin-top:2%;margin-bottom:2%\" class=\"wp-block-diev-separator\"><\/div>\n\n\n\n<div style=\"justify-content:left\" class=\"wp-block-diev-scroller animated fadeIn delay-1s\"><div class=\"scroller-track\" style=\"background-color:#fff\"><\/div><div class=\"scroller-thumb\" style=\"background-color:#fff\"><\/div><\/div>\n<\/div><\/div><\/div>\n\n\n\n<div style=\"width:100%;padding:2%;background-color:rgba(255, 255, 255, 0);border:0px solid #fff;margin-top:2%;margin-bottom:2%\" class=\"wp-block-diev-separator\"><\/div>\n\n\n\n<h1 class=\"wp-block-heading\"><strong>MACK MAGIC<\/strong><\/h1>\n\n\n\n<h2 class=\"wp-block-heading animated slideInUp has-golden-color has-text-color\">MACK MAGIC EST SP\u00c9CIALIS\u00c9 DANS LA CR\u00c9ATION DE PROPRI\u00c9T\u00c9S INTELLECTUELLES PERMETTANT UNE EXP\u00c9RIENCE SENSORIELLE INT\u00c9GRALE, AU TRAVERS D\u2019UNE MULTITUDE DE M\u00c9DIAS ET PRODUITS<\/h2>\n\n\n\n<div style=\"width:100%;padding:2%;background-color:rgba(255, 255, 255, 0);border:0px solid #fff;margin-top:2%;margin-bottom:2%\" class=\"wp-block-diev-separator\"><\/div>\n\n\n\n<h3 class=\"wp-block-heading animated slideInUp has-white-color has-text-color\"><strong>D\u00e9veloppement de propri\u00e9t\u00e9s intellectuelles<\/strong><\/h3>\n\n\n\n<p class=\"animated slideInUp has-white-color has-text-color\">Le storytelling (narration) est au c\u0153ur de nos activit\u00e9s. En tant que d\u00e9partement transm\u00e9diatique au sein du groupe MACK One, nous d\u00e9veloppons des marques et propri\u00e9t\u00e9s intellectuelles pour le divertissement familial. MACK Magic est synonyme de cr\u00e9ation d\u2019univers et de narration en profondeur pour tous les types de produits de divertissement familial. Nous concevons nos propres marques et propri\u00e9t\u00e9s intellectuelles avec des personnages iconiques, qui prennent vie au sein d\u2019histoire extraordinaires. MACK Magic vit sa passion au quotidien en cr\u00e9ant des aventures uniques, avec des protagonistes adorables dans lesquels chacun se reconna\u00eetra.<\/p>\n\n\n\n<div class=\"wp-block-diev-sidescroller sidescroller color-magic gsap-animated is-style-big\">\n<div class=\"wp-block-diev-sidescroller-item sidescroller-item lazyload\" style=\"background-image:inherit\" data-bg-image=\"url(https:\/\/mackone.eu\/wp-content\/uploads\/2022\/07\/kelpie_poise_4k_02.jpg)\"><div class=\"sidescroller-item-content\">\n<p><\/p>\n<\/div><\/div>\n\n\n\n<div class=\"wp-block-diev-sidescroller-item sidescroller-item lazyload\" style=\"background-image:inherit\" data-bg-image=\"url(https:\/\/mackone.eu\/wp-content\/uploads\/2020\/11\/jopi_4k_02-scaled-e1605274271962.jpg)\"><div class=\"sidescroller-item-content\">\n<p><\/p>\n<\/div><\/div>\n\n\n\n<div class=\"wp-block-diev-sidescroller-item sidescroller-item lazyload\" style=\"background-image:inherit\" data-bg-image=\"url(https:\/\/mackone.eu\/wp-content\/uploads\/2022\/07\/apEuromaus_cool_RZ.jpg)\"><div class=\"sidescroller-item-content\">\n<p><\/p>\n<\/div><\/div>\n\n\n\n<div class=\"wp-block-diev-sidescroller-item sidescroller-item lazyload\" style=\"background-image:inherit\" data-bg-image=\"url(https:\/\/mackone.eu\/wp-content\/uploads\/2020\/10\/Character-Design-Batavia-Concept.jpg)\"><div class=\"sidescroller-item-content\">\n<p><\/p>\n<\/div><\/div>\n<\/div>\n\n\n\n<div style=\"width:100%;padding:0%;background-color:#fff;border:0px solid #fff;margin-top:2%;margin-bottom:2%\" class=\"wp-block-diev-separator\"><\/div>\n\n\n\n<h3 class=\"wp-block-heading animated slideInUp has-white-color has-text-color\"><strong>Production de contenu<\/strong><\/h3>\n\n\n\n<p class=\"animated slideInUp has-white-color has-text-color\">Une marque permet de cristalliser et de transmettre singuli\u00e8rement un message \u00e9motionnel par le biais d\u2019un contenu coh\u00e9rent. MACK Magic transforme les univers narratifs en marques transm\u00e9diatiques d\u00e9bordant de contenus sp\u00e9cifiques \u00e0 chaque produit cr\u00e9\u00e9. Aux c\u00f4t\u00e9s de nos partenaires d\u2019exception, nous faisons op\u00e9rer la magie de nos histoires, et nous savons y faire pour les conter au sein de diff\u00e9rents m\u00e9dias. Nous g\u00e9n\u00e9rons de l\u2019\u00e9motion au sein de nos marques. De la r\u00e9daction du script \u00e0 la production, nous mettons int\u00e9gralement en \u0153uvre les projets m\u00e9diatiques, que ce soient des livres, des romans, des s\u00e9ries TV, des jeux ou des exp\u00e9riences interactives, afin d\u2019apporter une valeur ajout\u00e9e aux marques.<\/p>\n\n\n\n<div style=\"width:100%;padding:0%;background-color:#fff;border:0px solid #fff;margin-top:2%;margin-bottom:2%\" class=\"wp-block-diev-separator\"><\/div>\n\n\n\n<div class=\"wp-block-diev-macknext-image gsap-animated\"><div class=\"macknext-image-wrapper\"><div class=\"image-brand-cube\" style=\"background-color:#fff\"><\/div><a class=\"image-16-9 no-pointer\"><img decoding=\"async\" data-src=\"https:\/\/mackone.eu\/wp-content\/uploads\/2023\/05\/IMG_2646-scaled-e1683033282386.jpg\" alt=\"\" src=\"data:image\/svg+xml;base64,PHN2ZyB3aWR0aD0iMSIgaGVpZ2h0PSIxIiB4bWxucz0iaHR0cDovL3d3dy53My5vcmcvMjAwMC9zdmciPjwvc3ZnPg==\" class=\"lazyload\" style=\"--smush-placeholder-width: 2560px; --smush-placeholder-aspect-ratio: 2560\/1721;\" \/><\/a><\/div><p class=\"macknext-image-caption\"><\/p><\/div>\n\n\n\n<h3 class=\"wp-block-heading animated slideInUp has-white-color has-text-color\"><strong>Distribution &amp; octroi de licence<\/strong><\/h3>\n\n\n\n<p>Nous donnons non seulement vie \u00e0 des marques par les biais de contenus, mais nous \u00e9laborons aussi des propri\u00e9t\u00e9s intellectuelles cl\u00e9s en main. Nous transformons des univers narratifs en des concepts de divertissement th\u00e9matique attrayants, et tous les autres types de produits m\u00e9diatiques. Nous sommes conscients des valeurs de marque que nous g\u00e9n\u00e9rons. Nous ne sommes pas uniquement une entreprise de production de contenu, nous travaillons \u00e9galement en synergie avec des partenaires pour publier, distribuer et diffuser nos propri\u00e9t\u00e9s intellectuelles dans le monde entier.<\/p>\n\n\n\n<p>Nous maintenons les hauts standards de qualit\u00e9 de nos marques, et sommes en recherche constante de partenaires qui ont foi en nos propri\u00e9t\u00e9s intellectuelles et visions, que ce soit pour des coproductions, du merchandising ou des contrats de licence.<\/p>\n\n\n\n<h2 class=\"wp-block-heading has-white-color has-text-color\"><strong>Cas<\/strong> pratiques<\/h2>\n\n\n\n<div class=\"wp-block-diev-sidescroller sidescroller color-magic gsap-animated is-style-default\">\n<div class=\"wp-block-diev-sidescroller-item sidescroller-item lazyload\" style=\"background-image:inherit\" data-bg-image=\"url(https:\/\/mackone.eu\/wp-content\/uploads\/2023\/04\/Nikola-Tesla-4D-Film-scaled-e1681751603295.jpg)\"><a href=\"https:\/\/mackone.eu\/projects\/#creating-the-magic-voltron\" class=\"sidescroller-item-link\"><div class=\"sidescroller-item-content\">\n<h2 class=\"wp-block-heading\">Creating The Magic<\/h2>\n\n\n\n<p><\/p>\n<\/div><\/a><\/div>\n\n\n\n<div class=\"wp-block-diev-sidescroller-item sidescroller-item lazyload\" style=\"background-image:inherit\" data-bg-image=\"url(https:\/\/mackone.eu\/wp-content\/uploads\/2023\/04\/EP23-MN-002-Fina-die-Yomis_16zu9_ohne_Logo-scaled.jpg)\"><a href=\"https:\/\/mackone.eu\/news\/#yomis\" class=\"sidescroller-item-link\"><div class=\"sidescroller-item-content\">\n<h2 class=\"wp-block-heading\">FINA &amp; THE YOMIS<\/h2>\n\n\n\n<p><\/p>\n<\/div><\/a><\/div>\n\n\n\n<div class=\"wp-block-diev-sidescroller-item sidescroller-item lazyload\" style=\"background-image:inherit\" data-bg-image=\"url(https:\/\/mackone.eu\/wp-content\/uploads\/2022\/07\/EP22_MN_050_Fliegende_Schule_der_Abenteurer_Band_5_1920x1080_02.jpg)\"><a href=\"https:\/\/mackone.eu\/projects\/#ACEScouts\" class=\"sidescroller-item-link\"><div class=\"sidescroller-item-content\">\n<h2 class=\"wp-block-heading has-white-color has-text-color\">ACE Scouts Novel Series<\/h2>\n\n\n\n<p><\/p>\n<\/div><\/a><\/div>\n\n\n\n<div class=\"wp-block-diev-sidescroller-item sidescroller-item lazyload\" style=\"background-image:inherit\" data-bg-image=\"url(https:\/\/mackone.eu\/wp-content\/uploads\/2022\/07\/EP22_MN_044_Rulantica_3_Buchlesung_und_Signierstunde_digital_1920x1080_Header5751.jpg)\"><a href=\"https:\/\/mackone.eu\/projects\/#RulanticaNovel\" class=\"sidescroller-item-link\"><div class=\"sidescroller-item-content\">\n<h2 class=\"wp-block-heading\">Rulantica Novel Series<\/h2>\n\n\n\n<p><\/p>\n<\/div><\/a><\/div>\n\n\n\n<div class=\"wp-block-diev-sidescroller-item sidescroller-item lazyload\" style=\"background-image:inherit\" data-bg-image=\"url(https:\/\/mackone.eu\/wp-content\/uploads\/2020\/12\/Snorri-3-e1607334143402.jpg)\"><a href=\"https:\/\/mackone.eu\/projects\/#snorri\" class=\"sidescroller-item-link\"><div class=\"sidescroller-item-content\">\n<h2 class=\"wp-block-heading has-white-color has-text-color\">Snorri<\/h2>\n\n\n\n<p><\/p>\n<\/div><\/a><\/div>\n\n\n\n<div class=\"wp-block-diev-sidescroller-item sidescroller-item lazyload\" style=\"background-image:inherit\" data-bg-image=\"url(https:\/\/mackone.eu\/wp-content\/uploads\/2022\/07\/apEuromaus_cool_RZ.jpg)\"><a href=\"https:\/\/mackone.eu\/projects\/#ed-edda\" class=\"sidescroller-item-link\"><div class=\"sidescroller-item-content\">\n<h2 class=\"wp-block-heading\">Ed &amp; Edda<\/h2>\n\n\n\n<p><\/p>\n<\/div><\/a><\/div>\n<\/div>\n\n\n\n<div style=\"height:50px\" aria-hidden=\"true\" class=\"wp-block-spacer\"><\/div>\n\n\n","protected":false},"excerpt":{"rendered":"<p>MACK MAGIC MACK MAGIC EST SP\u00c9CIALIS\u00c9 DANS LA CR\u00c9ATION DE PROPRI\u00c9T\u00c9S INTELLECTUELLES PERMETTANT UNE EXP\u00c9RIENCE SENSORIELLE INT\u00c9GRALE, AU TRAVERS D\u2019UNE MULTITUDE DE M\u00c9DIAS ET PRODUITS D\u00e9veloppement de propri\u00e9t\u00e9s intellectuelles Le storytelling (narration) est au c\u0153ur de nos activit\u00e9s. En tant que d\u00e9partement transm\u00e9diatique au sein du groupe MACK One, nous d\u00e9veloppons des marques et propri\u00e9t\u00e9s [&hellip;]<\/p>\n","protected":false},"author":3,"featured_media":0,"parent":0,"menu_order":0,"comment_status":"closed","ping_status":"closed","template":"","meta":{"inline_featured_image":false,"passster_activate_protection":false,"passster_protect_child_pages":"","passster_protection_type":"password","passster_password":"","passster_passwords":"","passster_password_list":"","passster_password_lists":"","passster_activate_user_restriction":"","passster_user_restriction_type":"user-role","passster_user_restriction":"no-role","passster_activate_overwrite_defaults":"","passster_headline":"","passster_instruction":"","passster_placeholder":"","passster_button":"","passster_id":"","passster_activate_misc_settings":"","passster_redirect_url":"","passster_hide":"no","passster_area_shortcode":"","_footer_meta_block_field":"magic","footnotes":""},"class_list":["post-2780","page","type-page","status-publish","hentry"],"yoast_head":"<!-- This site is optimized with the Yoast SEO plugin v26.9 - https:\/\/yoast.com\/product\/yoast-seo-wordpress\/ -->\n<title>Magic - MACK One<\/title>\n<meta name=\"description\" content=\"MACK Magic specializes in building IPs that can be experienced with all senses through all kinds of media and products.\" \/>\n<meta name=\"robots\" content=\"index, follow, max-snippet:-1, max-image-preview:large, max-video-preview:-1\" \/>\n<link rel=\"canonical\" href=\"https:\/\/mackone.eu\/fr\/mackmagic\/\" \/>\n<meta property=\"og:locale\" content=\"fr_FR\" \/>\n<meta property=\"og:type\" content=\"article\" \/>\n<meta property=\"og:title\" content=\"MACK Magic\" \/>\n<meta property=\"og:description\" content=\"MACK Magic specializes in building interactive immersive worlds that can be experienced with all senses.\" \/>\n<meta property=\"og:url\" content=\"https:\/\/mackone.eu\/fr\/mackmagic\/\" \/>\n<meta property=\"og:site_name\" content=\"MACK One\" \/>\n<meta property=\"article:modified_time\" content=\"2024-05-24T12:37:28+00:00\" \/>\n<meta property=\"og:image\" content=\"https:\/\/mackone.eu\/wp-content\/uploads\/2022\/07\/pose_joy_4k_01_110058-scaled.jpg\" \/>\n\t<meta property=\"og:image:width\" content=\"2560\" \/>\n\t<meta property=\"og:image:height\" content=\"1443\" \/>\n\t<meta property=\"og:image:type\" content=\"image\/jpeg\" \/>\n<meta name=\"twitter:card\" content=\"summary_large_image\" \/>\n<meta name=\"twitter:title\" content=\"MACK Magic\" \/>\n<meta name=\"twitter:description\" content=\"MACK Magic specializes in building interactive immersive worlds that can be experienced with all senses.\" \/>\n<meta name=\"twitter:image\" content=\"https:\/\/mackone.eu\/wp-content\/uploads\/2022\/07\/pose_joy_4k_01_110058-scaled.jpg\" \/>\n<meta name=\"twitter:site\" content=\"@macknext\" \/>\n<meta name=\"twitter:label1\" content=\"Dur\u00e9e de lecture estim\u00e9e\" \/>\n\t<meta name=\"twitter:data1\" content=\"3 minutes\" \/>\n<script type=\"application\/ld+json\" class=\"yoast-schema-graph\">{\"@context\":\"https:\/\/schema.org\",\"@graph\":[{\"@type\":\"WebPage\",\"@id\":\"https:\/\/mackone.eu\/fr\/mackmagic\/\",\"url\":\"https:\/\/mackone.eu\/fr\/mackmagic\/\",\"name\":\"Magic - MACK One\",\"isPartOf\":{\"@id\":\"https:\/\/mackone.eu\/fr\/#website\"},\"primaryImageOfPage\":{\"@id\":\"https:\/\/mackone.eu\/fr\/mackmagic\/#primaryimage\"},\"image\":{\"@id\":\"https:\/\/mackone.eu\/fr\/mackmagic\/#primaryimage\"},\"thumbnailUrl\":\"https:\/\/mackone.eu\/wp-content\/uploads\/2020\/11\/MackNext-Magic-Mobile.png\",\"datePublished\":\"2020-09-03T07:00:31+00:00\",\"dateModified\":\"2024-05-24T12:37:28+00:00\",\"description\":\"MACK Magic specializes in building IPs that can be experienced with all senses through all kinds of media and products.\",\"breadcrumb\":{\"@id\":\"https:\/\/mackone.eu\/fr\/mackmagic\/#breadcrumb\"},\"inLanguage\":\"fr-FR\",\"potentialAction\":[{\"@type\":\"ReadAction\",\"target\":[\"https:\/\/mackone.eu\/fr\/mackmagic\/\"]}]},{\"@type\":\"ImageObject\",\"inLanguage\":\"fr-FR\",\"@id\":\"https:\/\/mackone.eu\/fr\/mackmagic\/#primaryimage\",\"url\":\"https:\/\/mackone.eu\/wp-content\/uploads\/2020\/11\/MackNext-Magic-Mobile.png\",\"contentUrl\":\"https:\/\/mackone.eu\/wp-content\/uploads\/2020\/11\/MackNext-Magic-Mobile.png\"},{\"@type\":\"BreadcrumbList\",\"@id\":\"https:\/\/mackone.eu\/fr\/mackmagic\/#breadcrumb\",\"itemListElement\":[{\"@type\":\"ListItem\",\"position\":1,\"name\":\"Startseite\",\"item\":\"https:\/\/mackone.eu\/fr\/\"},{\"@type\":\"ListItem\",\"position\":2,\"name\":\"Magic\"}]},{\"@type\":\"WebSite\",\"@id\":\"https:\/\/mackone.eu\/fr\/#website\",\"url\":\"https:\/\/mackone.eu\/fr\/\",\"name\":\"MACK One\",\"description\":\"THE FUTURE LAB OF ENTERTAINMENT\",\"publisher\":{\"@id\":\"https:\/\/mackone.eu\/fr\/#organization\"},\"potentialAction\":[{\"@type\":\"SearchAction\",\"target\":{\"@type\":\"EntryPoint\",\"urlTemplate\":\"https:\/\/mackone.eu\/fr\/?s={search_term_string}\"},\"query-input\":{\"@type\":\"PropertyValueSpecification\",\"valueRequired\":true,\"valueName\":\"search_term_string\"}}],\"inLanguage\":\"fr-FR\"},{\"@type\":\"Organization\",\"@id\":\"https:\/\/mackone.eu\/fr\/#organization\",\"name\":\"Mack NeXT GmbH & Co KG\",\"url\":\"https:\/\/mackone.eu\/fr\/\",\"logo\":{\"@type\":\"ImageObject\",\"inLanguage\":\"fr-FR\",\"@id\":\"https:\/\/mackone.eu\/fr\/#\/schema\/logo\/image\/\",\"url\":\"https:\/\/macknext.com\/wp-content\/uploads\/2020\/11\/macknext-favicon.png\",\"contentUrl\":\"https:\/\/macknext.com\/wp-content\/uploads\/2020\/11\/macknext-favicon.png\",\"width\":1031,\"height\":1032,\"caption\":\"Mack NeXT GmbH & Co KG\"},\"image\":{\"@id\":\"https:\/\/mackone.eu\/fr\/#\/schema\/logo\/image\/\"},\"sameAs\":[\"https:\/\/x.com\/macknext\",\"https:\/\/www.instagram.com\/mack.next\/\",\"https:\/\/www.linkedin.com\/company\/macknext\/\"]}]}<\/script>\n<!-- \/ Yoast SEO plugin. -->","yoast_head_json":{"title":"Magic - MACK One","description":"MACK Magic specializes in building IPs that can be experienced with all senses through all kinds of media and products.","robots":{"index":"index","follow":"follow","max-snippet":"max-snippet:-1","max-image-preview":"max-image-preview:large","max-video-preview":"max-video-preview:-1"},"canonical":"https:\/\/mackone.eu\/fr\/mackmagic\/","og_locale":"fr_FR","og_type":"article","og_title":"MACK Magic","og_description":"MACK Magic specializes in building interactive immersive worlds that can be experienced with all senses.","og_url":"https:\/\/mackone.eu\/fr\/mackmagic\/","og_site_name":"MACK One","article_modified_time":"2024-05-24T12:37:28+00:00","og_image":[{"width":2560,"height":1443,"url":"https:\/\/mackone.eu\/wp-content\/uploads\/2022\/07\/pose_joy_4k_01_110058-scaled.jpg","type":"image\/jpeg"}],"twitter_card":"summary_large_image","twitter_title":"MACK Magic","twitter_description":"MACK Magic specializes in building interactive immersive worlds that can be experienced with all senses.","twitter_image":"https:\/\/mackone.eu\/wp-content\/uploads\/2022\/07\/pose_joy_4k_01_110058-scaled.jpg","twitter_site":"@macknext","twitter_misc":{"Dur\u00e9e de lecture estim\u00e9e":"3 minutes"},"schema":{"@context":"https:\/\/schema.org","@graph":[{"@type":"WebPage","@id":"https:\/\/mackone.eu\/fr\/mackmagic\/","url":"https:\/\/mackone.eu\/fr\/mackmagic\/","name":"Magic - MACK One","isPartOf":{"@id":"https:\/\/mackone.eu\/fr\/#website"},"primaryImageOfPage":{"@id":"https:\/\/mackone.eu\/fr\/mackmagic\/#primaryimage"},"image":{"@id":"https:\/\/mackone.eu\/fr\/mackmagic\/#primaryimage"},"thumbnailUrl":"https:\/\/mackone.eu\/wp-content\/uploads\/2020\/11\/MackNext-Magic-Mobile.png","datePublished":"2020-09-03T07:00:31+00:00","dateModified":"2024-05-24T12:37:28+00:00","description":"MACK Magic specializes in building IPs that can be experienced with all senses through all kinds of media and products.","breadcrumb":{"@id":"https:\/\/mackone.eu\/fr\/mackmagic\/#breadcrumb"},"inLanguage":"fr-FR","potentialAction":[{"@type":"ReadAction","target":["https:\/\/mackone.eu\/fr\/mackmagic\/"]}]},{"@type":"ImageObject","inLanguage":"fr-FR","@id":"https:\/\/mackone.eu\/fr\/mackmagic\/#primaryimage","url":"https:\/\/mackone.eu\/wp-content\/uploads\/2020\/11\/MackNext-Magic-Mobile.png","contentUrl":"https:\/\/mackone.eu\/wp-content\/uploads\/2020\/11\/MackNext-Magic-Mobile.png"},{"@type":"BreadcrumbList","@id":"https:\/\/mackone.eu\/fr\/mackmagic\/#breadcrumb","itemListElement":[{"@type":"ListItem","position":1,"name":"Startseite","item":"https:\/\/mackone.eu\/fr\/"},{"@type":"ListItem","position":2,"name":"Magic"}]},{"@type":"WebSite","@id":"https:\/\/mackone.eu\/fr\/#website","url":"https:\/\/mackone.eu\/fr\/","name":"MACK One","description":"THE FUTURE LAB OF ENTERTAINMENT","publisher":{"@id":"https:\/\/mackone.eu\/fr\/#organization"},"potentialAction":[{"@type":"SearchAction","target":{"@type":"EntryPoint","urlTemplate":"https:\/\/mackone.eu\/fr\/?s={search_term_string}"},"query-input":{"@type":"PropertyValueSpecification","valueRequired":true,"valueName":"search_term_string"}}],"inLanguage":"fr-FR"},{"@type":"Organization","@id":"https:\/\/mackone.eu\/fr\/#organization","name":"Mack NeXT GmbH & Co KG","url":"https:\/\/mackone.eu\/fr\/","logo":{"@type":"ImageObject","inLanguage":"fr-FR","@id":"https:\/\/mackone.eu\/fr\/#\/schema\/logo\/image\/","url":"https:\/\/macknext.com\/wp-content\/uploads\/2020\/11\/macknext-favicon.png","contentUrl":"https:\/\/macknext.com\/wp-content\/uploads\/2020\/11\/macknext-favicon.png","width":1031,"height":1032,"caption":"Mack NeXT GmbH & Co KG"},"image":{"@id":"https:\/\/mackone.eu\/fr\/#\/schema\/logo\/image\/"},"sameAs":["https:\/\/x.com\/macknext","https:\/\/www.instagram.com\/mack.next\/","https:\/\/www.linkedin.com\/company\/macknext\/"]}]}},"_links":{"self":[{"href":"https:\/\/mackone.eu\/fr\/wp-json\/wp\/v2\/pages\/2780","targetHints":{"allow":["GET"]}}],"collection":[{"href":"https:\/\/mackone.eu\/fr\/wp-json\/wp\/v2\/pages"}],"about":[{"href":"https:\/\/mackone.eu\/fr\/wp-json\/wp\/v2\/types\/page"}],"author":[{"embeddable":true,"href":"https:\/\/mackone.eu\/fr\/wp-json\/wp\/v2\/users\/3"}],"replies":[{"embeddable":true,"href":"https:\/\/mackone.eu\/fr\/wp-json\/wp\/v2\/comments?post=2780"}],"version-history":[{"count":1,"href":"https:\/\/mackone.eu\/fr\/wp-json\/wp\/v2\/pages\/2780\/revisions"}],"predecessor-version":[{"id":2782,"href":"https:\/\/mackone.eu\/fr\/wp-json\/wp\/v2\/pages\/2780\/revisions\/2782"}],"wp:attachment":[{"href":"https:\/\/mackone.eu\/fr\/wp-json\/wp\/v2\/media?parent=2780"}],"curies":[{"name":"wp","href":"https:\/\/api.w.org\/{rel}","templated":true}]}}