{"id":2785,"date":"2022-05-13T10:37:09","date_gmt":"2022-05-13T10:37:09","guid":{"rendered":"https:\/\/mackone.eu\/mackservices\/"},"modified":"2024-10-02T14:36:33","modified_gmt":"2024-10-02T14:36:33","slug":"mackservices","status":"publish","type":"page","link":"https:\/\/mackone.eu\/fr\/mackservices\/","title":{"rendered":"Services"},"content":{"rendered":"\n<div class=\"wp-block-diev-hero-cover alignfull animated fadeIn\" style=\"height:calc(100vh - -1px)\"><div class=\"media-wrapper\"><img class=\"hero-cover-image mobile-breakpoint\" alt=\"\"\/><img decoding=\"async\" class=\"hero-mobile-image desktop-breakpoint lazyload\" data-src=\"https:\/\/mackone.eu\/wp-content\/uploads\/2020\/11\/MackNext-Contact-Mobile.png\" alt=\"\" src=\"data:image\/svg+xml;base64,PHN2ZyB3aWR0aD0iMSIgaGVpZ2h0PSIxIiB4bWxucz0iaHR0cDovL3d3dy53My5vcmcvMjAwMC9zdmciPjwvc3ZnPg==\" style=\"--smush-placeholder-width: 1920px; --smush-placeholder-aspect-ratio: 1920\/984;\" \/><video class=\"hero-cover-video mobile-breakpoint\" muted autoplay loop><source src=\"https:\/\/mackone.eu\/wp-content\/uploads\/2020\/09\/dummy_video.mp4\" type=\"video\/mp4\"\/><\/video><\/div><div class=\"hero-cover-overlay\" style=\"background-color:#201E23;opacity:0.5\"><\/div><div class=\"content-wrapper align-left\" style=\"align-items:flex-end;margin-bottom:10%\"><div class=\"innerblocks-wrapper max-width-60\">\n<figure class=\"wp-block-image size-large\"><img decoding=\"async\" width=\"1024\" height=\"110\" data-src=\"https:\/\/mackone.eu\/wp-content\/uploads\/2022\/05\/Logo_Mack_Services_4c_Neg_red-1024x110.png\" alt=\"\" class=\"wp-image-1250 lazyload\" data-srcset=\"https:\/\/mackone.eu\/wp-content\/uploads\/2022\/05\/Logo_Mack_Services_4c_Neg_red-1024x110.png 1024w, https:\/\/mackone.eu\/wp-content\/uploads\/2022\/05\/Logo_Mack_Services_4c_Neg_red-300x32.png 300w, https:\/\/mackone.eu\/wp-content\/uploads\/2022\/05\/Logo_Mack_Services_4c_Neg_red-768x83.png 768w, https:\/\/mackone.eu\/wp-content\/uploads\/2022\/05\/Logo_Mack_Services_4c_Neg_red-1536x165.png 1536w, https:\/\/mackone.eu\/wp-content\/uploads\/2022\/05\/Logo_Mack_Services_4c_Neg_red.png 1719w\" data-sizes=\"(max-width: 1024px) 100vw, 1024px\" src=\"data:image\/svg+xml;base64,PHN2ZyB3aWR0aD0iMSIgaGVpZ2h0PSIxIiB4bWxucz0iaHR0cDovL3d3dy53My5vcmcvMjAwMC9zdmciPjwvc3ZnPg==\" style=\"--smush-placeholder-width: 1024px; --smush-placeholder-aspect-ratio: 1024\/110;\" \/><\/figure>\n\n\n\n<div style=\"width:20%;padding:0%;background-color:#fff;border:3px solid #ffffff;margin-top:5%;margin-bottom:5%\" class=\"wp-block-diev-separator\"><\/div>\n\n\n\n<p class=\"animated fadeIn delay-500ms has-white-color has-text-color\">Marketing, vente et impl\u00e9mentation de projet<\/p>\n\n\n\n<div style=\"width:100%;padding:2%;background-color:rgba(255, 255, 255, 0);border:0px solid #fff;margin-top:2%;margin-bottom:2%\" class=\"wp-block-diev-separator\"><\/div>\n\n\n\n<div style=\"justify-content:left\" class=\"wp-block-diev-scroller animated fadeIn delay-1s\"><div class=\"scroller-track\" style=\"background-color:#fff\"><\/div><div class=\"scroller-thumb\" style=\"background-color:#fff\"><\/div><\/div>\n<\/div><\/div><\/div>\n\n\n\n<div style=\"width:100%;padding:2%;background-color:rgba(255, 255, 255, 0);border:0px solid #fff;margin-top:2%;margin-bottom:2%\" class=\"wp-block-diev-separator\"><\/div>\n\n\n\n<h1 class=\"wp-block-heading\"><strong>MACK Services<\/strong><\/h1>\n\n\n\n<h2 class=\"wp-block-heading animated slideInUp has-violette-color has-transparent-background-color has-text-color has-background\">CHEZ MACK SERVICES NOUS METTONS TOUTE L\u2019\u00c9TENDUE DE NOS CONNAISSANCES \u00c0 CONTRIBUTION POUR OBTENIR DES R\u00c9SULTATS D\u2019EXCEPTION.<\/h2>\n\n\n\n<h3 class=\"wp-block-heading animated slideInUp has-white-color has-text-color\"><strong>Marketing et vente<\/strong><\/h3>\n\n\n\n<p>Nous ma\u00eetrisons le savoir-faire et le savoir-dire. Forts de notre grande exp\u00e9rience et de notre excellence technologique, nous fournissons des produits d\u2019exception \u00e0 nos clients du monde entier. Le divertissement bas\u00e9 sur la localisation est notre passion. Des attractions \u00e0 base m\u00e9diatique aux exp\u00e9riences immersives int\u00e9grales en r\u00e9alit\u00e9 virtuelle, nous disposons d\u2019un large portfolio de projets accomplis. Nous vous invitons \u00e0 d\u00e9couvrir Tacumeon Rides, la plateforme Coastiality ou encore YULLBE. N\u2019attendez plus : contactez-nous pour cr\u00e9er un projet unique en son genre dans le domaine du divertissement bas\u00e9 sur la localisation.<\/p>\n\n\n\n<p><\/p>\n\n\n\n<h3 class=\"wp-block-heading\"><strong>Mise en \u0153uvre des projets de MACK One<\/strong><\/h3>\n\n\n\n<p>Nous allons au bout des choses : MACK Services est synonyme de gestion de projet professionnelle, en accomplissant la synergie de toutes les activit\u00e9s de MACK One. Nous vous apportons la magie, et nous entretenons sa flamme : de la conception des projets \u00e0 leur impl\u00e9mentation, et en passant par la maintenance. C\u2019est un sujet que nous ma\u00eetrisons \u00e0 la perfection, comme le d\u00e9montre l&rsquo;incroyable vari\u00e9t\u00e9 de projets que nous avons accomplis pr\u00e9c\u00e9demment. Nous sommes l\u2019interface, et nous sommes d\u00e9termin\u00e9s \u00e0 vous faire acc\u00e9der \u00e0 la quintessence de MACK One afin de cr\u00e9er une exp\u00e9rience immersive incomparable.<\/p>\n\n\n\n<p><\/p>\n\n\n\n<h2 class=\"wp-block-heading has-white-color has-text-color\"><strong>Cas pratiques<\/strong><\/h2>\n\n\n\n<div class=\"wp-block-diev-sidescroller sidescroller color-services gsap-animated animated slideInUp is-style-default\">\n<div class=\"wp-block-diev-sidescroller-item sidescroller-item lazyload\" style=\"background-image:inherit\" data-bg-image=\"url(https:\/\/mackone.eu\/wp-content\/uploads\/2024\/05\/Youllbe_GO_KeyArt_DrGrordbort_FinalsPortrait_20240226.png)\"><a href=\"https:\/\/mackone.eu\/fr\/projects\/#dr-g-victory-on-venus\" class=\"sidescroller-item-link\"><div class=\"sidescroller-item-content\">\n<h2 class=\"wp-block-heading has-white-color has-text-color\">Dr. G &#8211; Victory on Venus<\/h2>\n\n\n\n<p class=\"has-white-color has-text-color\"><\/p>\n<\/div><\/a><\/div>\n\n\n\n<div class=\"wp-block-diev-sidescroller-item sidescroller-item lazyload\" style=\"background-image:inherit\" data-bg-image=\"url(https:\/\/mackone.eu\/wp-content\/uploads\/2024\/10\/VEEJOY_Poster_Teaser_Hochformat_The_World_Beyond_3_Staffel.jpg)\"><a href=\"https:\/\/mackone.eu\/fr\/projects\/#the-world-beyond\" class=\"sidescroller-item-link\"><div class=\"sidescroller-item-content\">\n<h2 class=\"wp-block-heading has-white-color has-text-color\">Original Podcast<br>\u00ab\u00a0The World Beyond\u00a0\u00bb<\/h2>\n\n\n\n<p class=\"has-white-color has-text-color\"><\/p>\n<\/div><\/a><\/div>\n\n\n\n<div class=\"wp-block-diev-sidescroller-item sidescroller-item lazyload\" style=\"background-image:inherit\" data-bg-image=\"url(https:\/\/mackone.eu\/wp-content\/uploads\/2023\/05\/Amber-Blake-KeyArt-scaled.jpg)\"><a href=\"https:\/\/mackone.eu\/news\/#yullbe-pro-amberblake\" class=\"sidescroller-item-link\"><div class=\"sidescroller-item-content\">\n<h2 class=\"wp-block-heading has-white-color has-text-color\">AMBER BLAKE<\/h2>\n\n\n\n<p class=\"has-white-color has-text-color\"><\/p>\n<\/div><\/a><\/div>\n\n\n\n<div class=\"wp-block-diev-sidescroller-item sidescroller-item lazyload\" style=\"background-image:inherit\" data-bg-image=\"url(https:\/\/mackone.eu\/wp-content\/uploads\/2022\/07\/YULLBE_GO.jpg.png)\"><a href=\"https:\/\/mackone.eu\/fr\/projects\/#miwula\" class=\"sidescroller-item-link\"><div class=\"sidescroller-item-content\">\n<h2 class=\"wp-block-heading has-white-color has-text-color\">MINIATUR WUNDERLAND<\/h2>\n\n\n\n<p><\/p>\n<\/div><\/a><\/div>\n<\/div>\n\n\n\n<div style=\"width:100%;padding:2%;background-color:rgba(255, 255, 255, 0);border:0px solid #fff;margin-top:2%;margin-bottom:2%\" class=\"wp-block-diev-separator\"><\/div>\n\n\n\n\n","protected":false},"excerpt":{"rendered":"<p>MACK Services CHEZ MACK SERVICES NOUS METTONS TOUTE L\u2019\u00c9TENDUE DE NOS CONNAISSANCES \u00c0 CONTRIBUTION POUR OBTENIR DES R\u00c9SULTATS D\u2019EXCEPTION. Marketing et vente Nous ma\u00eetrisons le savoir-faire et le savoir-dire. Forts de notre grande exp\u00e9rience et de notre excellence technologique, nous fournissons des produits d\u2019exception \u00e0 nos clients du monde entier. Le divertissement bas\u00e9 sur la [&hellip;]<\/p>\n","protected":false},"author":11,"featured_media":0,"parent":0,"menu_order":0,"comment_status":"closed","ping_status":"closed","template":"","meta":{"inline_featured_image":false,"passster_activate_protection":false,"passster_protect_child_pages":"","passster_protection_type":"password","passster_password":"","passster_passwords":"","passster_password_list":"","passster_password_lists":"","passster_activate_user_restriction":"","passster_user_restriction_type":"user-role","passster_user_restriction":"no-role","passster_activate_overwrite_defaults":"","passster_headline":"","passster_instruction":"","passster_placeholder":"","passster_button":"","passster_id":"","passster_activate_misc_settings":"","passster_redirect_url":"","passster_hide":"no","passster_area_shortcode":"","_footer_meta_block_field":"services","footnotes":""},"class_list":["post-2785","page","type-page","status-publish","hentry"],"yoast_head":"<!-- This site is optimized with the Yoast SEO plugin v26.9 - https:\/\/yoast.com\/product\/yoast-seo-wordpress\/ -->\n<title>Services - MACK One<\/title>\n<meta name=\"description\" content=\"At\u00a0MACK Services, we connect our knowledge to create beautiful results.\" \/>\n<meta name=\"robots\" content=\"index, follow, max-snippet:-1, max-image-preview:large, max-video-preview:-1\" \/>\n<link rel=\"canonical\" href=\"https:\/\/mackone.eu\/fr\/mackservices\/\" \/>\n<meta property=\"og:locale\" content=\"fr_FR\" \/>\n<meta property=\"og:type\" content=\"article\" \/>\n<meta property=\"og:title\" content=\"MACK Services\" \/>\n<meta property=\"og:description\" content=\"At\u00a0MACK Services, we connect our knowledge with the projects from outside \u2013 to create beautiful results!\" \/>\n<meta property=\"og:url\" content=\"https:\/\/mackone.eu\/fr\/mackservices\/\" \/>\n<meta property=\"og:site_name\" content=\"MACK One\" \/>\n<meta property=\"article:modified_time\" content=\"2024-10-02T14:36:33+00:00\" \/>\n<meta property=\"og:image\" content=\"https:\/\/mackone.eu\/wp-content\/uploads\/2020\/11\/MackNext-Contact-Mobile.png\" \/>\n\t<meta property=\"og:image:width\" content=\"1920\" \/>\n\t<meta property=\"og:image:height\" content=\"984\" \/>\n\t<meta property=\"og:image:type\" content=\"image\/png\" \/>\n<meta name=\"twitter:card\" content=\"summary_large_image\" \/>\n<meta name=\"twitter:title\" content=\"MACK Services\" \/>\n<meta name=\"twitter:description\" content=\"At\u00a0MACK Services, we connect our knowledge with the projects from outside \u2013 to create beautiful results!\" \/>\n<meta name=\"twitter:image\" content=\"https:\/\/mackone.eu\/wp-content\/uploads\/2020\/11\/MackNext-Contact-Mobile.png\" \/>\n<meta name=\"twitter:site\" content=\"@macknext\" \/>\n<meta name=\"twitter:label1\" content=\"Dur\u00e9e de lecture estim\u00e9e\" \/>\n\t<meta name=\"twitter:data1\" content=\"2 minutes\" \/>\n<script type=\"application\/ld+json\" class=\"yoast-schema-graph\">{\"@context\":\"https:\/\/schema.org\",\"@graph\":[{\"@type\":\"WebPage\",\"@id\":\"https:\/\/mackone.eu\/fr\/mackservices\/\",\"url\":\"https:\/\/mackone.eu\/fr\/mackservices\/\",\"name\":\"Services - MACK One\",\"isPartOf\":{\"@id\":\"https:\/\/mackone.eu\/fr\/#website\"},\"primaryImageOfPage\":{\"@id\":\"https:\/\/mackone.eu\/fr\/mackservices\/#primaryimage\"},\"image\":{\"@id\":\"https:\/\/mackone.eu\/fr\/mackservices\/#primaryimage\"},\"thumbnailUrl\":\"https:\/\/mackone.eu\/wp-content\/uploads\/2020\/11\/MackNext-Contact-Mobile.png\",\"datePublished\":\"2022-05-13T10:37:09+00:00\",\"dateModified\":\"2024-10-02T14:36:33+00:00\",\"description\":\"At\u00a0MACK Services, we connect our knowledge to create beautiful results.\",\"breadcrumb\":{\"@id\":\"https:\/\/mackone.eu\/fr\/mackservices\/#breadcrumb\"},\"inLanguage\":\"fr-FR\",\"potentialAction\":[{\"@type\":\"ReadAction\",\"target\":[\"https:\/\/mackone.eu\/fr\/mackservices\/\"]}]},{\"@type\":\"ImageObject\",\"inLanguage\":\"fr-FR\",\"@id\":\"https:\/\/mackone.eu\/fr\/mackservices\/#primaryimage\",\"url\":\"https:\/\/mackone.eu\/wp-content\/uploads\/2020\/11\/MackNext-Contact-Mobile.png\",\"contentUrl\":\"https:\/\/mackone.eu\/wp-content\/uploads\/2020\/11\/MackNext-Contact-Mobile.png\"},{\"@type\":\"BreadcrumbList\",\"@id\":\"https:\/\/mackone.eu\/fr\/mackservices\/#breadcrumb\",\"itemListElement\":[{\"@type\":\"ListItem\",\"position\":1,\"name\":\"Startseite\",\"item\":\"https:\/\/mackone.eu\/fr\/\"},{\"@type\":\"ListItem\",\"position\":2,\"name\":\"Services\"}]},{\"@type\":\"WebSite\",\"@id\":\"https:\/\/mackone.eu\/fr\/#website\",\"url\":\"https:\/\/mackone.eu\/fr\/\",\"name\":\"MACK One\",\"description\":\"THE FUTURE LAB OF ENTERTAINMENT\",\"publisher\":{\"@id\":\"https:\/\/mackone.eu\/fr\/#organization\"},\"potentialAction\":[{\"@type\":\"SearchAction\",\"target\":{\"@type\":\"EntryPoint\",\"urlTemplate\":\"https:\/\/mackone.eu\/fr\/?s={search_term_string}\"},\"query-input\":{\"@type\":\"PropertyValueSpecification\",\"valueRequired\":true,\"valueName\":\"search_term_string\"}}],\"inLanguage\":\"fr-FR\"},{\"@type\":\"Organization\",\"@id\":\"https:\/\/mackone.eu\/fr\/#organization\",\"name\":\"Mack NeXT GmbH & Co KG\",\"url\":\"https:\/\/mackone.eu\/fr\/\",\"logo\":{\"@type\":\"ImageObject\",\"inLanguage\":\"fr-FR\",\"@id\":\"https:\/\/mackone.eu\/fr\/#\/schema\/logo\/image\/\",\"url\":\"https:\/\/macknext.com\/wp-content\/uploads\/2020\/11\/macknext-favicon.png\",\"contentUrl\":\"https:\/\/macknext.com\/wp-content\/uploads\/2020\/11\/macknext-favicon.png\",\"width\":1031,\"height\":1032,\"caption\":\"Mack NeXT GmbH & Co KG\"},\"image\":{\"@id\":\"https:\/\/mackone.eu\/fr\/#\/schema\/logo\/image\/\"},\"sameAs\":[\"https:\/\/x.com\/macknext\",\"https:\/\/www.instagram.com\/mack.next\/\",\"https:\/\/www.linkedin.com\/company\/macknext\/\"]}]}<\/script>\n<!-- \/ Yoast SEO plugin. -->","yoast_head_json":{"title":"Services - MACK One","description":"At\u00a0MACK Services, we connect our knowledge to create beautiful results.","robots":{"index":"index","follow":"follow","max-snippet":"max-snippet:-1","max-image-preview":"max-image-preview:large","max-video-preview":"max-video-preview:-1"},"canonical":"https:\/\/mackone.eu\/fr\/mackservices\/","og_locale":"fr_FR","og_type":"article","og_title":"MACK Services","og_description":"At\u00a0MACK Services, we connect our knowledge with the projects from outside \u2013 to create beautiful results!","og_url":"https:\/\/mackone.eu\/fr\/mackservices\/","og_site_name":"MACK One","article_modified_time":"2024-10-02T14:36:33+00:00","og_image":[{"width":1920,"height":984,"url":"https:\/\/mackone.eu\/wp-content\/uploads\/2020\/11\/MackNext-Contact-Mobile.png","type":"image\/png"}],"twitter_card":"summary_large_image","twitter_title":"MACK Services","twitter_description":"At\u00a0MACK Services, we connect our knowledge with the projects from outside \u2013 to create beautiful results!","twitter_image":"https:\/\/mackone.eu\/wp-content\/uploads\/2020\/11\/MackNext-Contact-Mobile.png","twitter_site":"@macknext","twitter_misc":{"Dur\u00e9e de lecture estim\u00e9e":"2 minutes"},"schema":{"@context":"https:\/\/schema.org","@graph":[{"@type":"WebPage","@id":"https:\/\/mackone.eu\/fr\/mackservices\/","url":"https:\/\/mackone.eu\/fr\/mackservices\/","name":"Services - MACK One","isPartOf":{"@id":"https:\/\/mackone.eu\/fr\/#website"},"primaryImageOfPage":{"@id":"https:\/\/mackone.eu\/fr\/mackservices\/#primaryimage"},"image":{"@id":"https:\/\/mackone.eu\/fr\/mackservices\/#primaryimage"},"thumbnailUrl":"https:\/\/mackone.eu\/wp-content\/uploads\/2020\/11\/MackNext-Contact-Mobile.png","datePublished":"2022-05-13T10:37:09+00:00","dateModified":"2024-10-02T14:36:33+00:00","description":"At\u00a0MACK Services, we connect our knowledge to create beautiful results.","breadcrumb":{"@id":"https:\/\/mackone.eu\/fr\/mackservices\/#breadcrumb"},"inLanguage":"fr-FR","potentialAction":[{"@type":"ReadAction","target":["https:\/\/mackone.eu\/fr\/mackservices\/"]}]},{"@type":"ImageObject","inLanguage":"fr-FR","@id":"https:\/\/mackone.eu\/fr\/mackservices\/#primaryimage","url":"https:\/\/mackone.eu\/wp-content\/uploads\/2020\/11\/MackNext-Contact-Mobile.png","contentUrl":"https:\/\/mackone.eu\/wp-content\/uploads\/2020\/11\/MackNext-Contact-Mobile.png"},{"@type":"BreadcrumbList","@id":"https:\/\/mackone.eu\/fr\/mackservices\/#breadcrumb","itemListElement":[{"@type":"ListItem","position":1,"name":"Startseite","item":"https:\/\/mackone.eu\/fr\/"},{"@type":"ListItem","position":2,"name":"Services"}]},{"@type":"WebSite","@id":"https:\/\/mackone.eu\/fr\/#website","url":"https:\/\/mackone.eu\/fr\/","name":"MACK One","description":"THE FUTURE LAB OF ENTERTAINMENT","publisher":{"@id":"https:\/\/mackone.eu\/fr\/#organization"},"potentialAction":[{"@type":"SearchAction","target":{"@type":"EntryPoint","urlTemplate":"https:\/\/mackone.eu\/fr\/?s={search_term_string}"},"query-input":{"@type":"PropertyValueSpecification","valueRequired":true,"valueName":"search_term_string"}}],"inLanguage":"fr-FR"},{"@type":"Organization","@id":"https:\/\/mackone.eu\/fr\/#organization","name":"Mack NeXT GmbH & Co KG","url":"https:\/\/mackone.eu\/fr\/","logo":{"@type":"ImageObject","inLanguage":"fr-FR","@id":"https:\/\/mackone.eu\/fr\/#\/schema\/logo\/image\/","url":"https:\/\/macknext.com\/wp-content\/uploads\/2020\/11\/macknext-favicon.png","contentUrl":"https:\/\/macknext.com\/wp-content\/uploads\/2020\/11\/macknext-favicon.png","width":1031,"height":1032,"caption":"Mack NeXT GmbH & Co KG"},"image":{"@id":"https:\/\/mackone.eu\/fr\/#\/schema\/logo\/image\/"},"sameAs":["https:\/\/x.com\/macknext","https:\/\/www.instagram.com\/mack.next\/","https:\/\/www.linkedin.com\/company\/macknext\/"]}]}},"_links":{"self":[{"href":"https:\/\/mackone.eu\/fr\/wp-json\/wp\/v2\/pages\/2785","targetHints":{"allow":["GET"]}}],"collection":[{"href":"https:\/\/mackone.eu\/fr\/wp-json\/wp\/v2\/pages"}],"about":[{"href":"https:\/\/mackone.eu\/fr\/wp-json\/wp\/v2\/types\/page"}],"author":[{"embeddable":true,"href":"https:\/\/mackone.eu\/fr\/wp-json\/wp\/v2\/users\/11"}],"replies":[{"embeddable":true,"href":"https:\/\/mackone.eu\/fr\/wp-json\/wp\/v2\/comments?post=2785"}],"version-history":[{"count":8,"href":"https:\/\/mackone.eu\/fr\/wp-json\/wp\/v2\/pages\/2785\/revisions"}],"predecessor-version":[{"id":3438,"href":"https:\/\/mackone.eu\/fr\/wp-json\/wp\/v2\/pages\/2785\/revisions\/3438"}],"wp:attachment":[{"href":"https:\/\/mackone.eu\/fr\/wp-json\/wp\/v2\/media?parent=2785"}],"curies":[{"name":"wp","href":"https:\/\/api.w.org\/{rel}","templated":true}]}}